{"id":10774,"date":"2020-07-28T16:40:19","date_gmt":"2020-07-28T14:40:19","guid":{"rendered":"https:\/\/www.noomea.ch\/?page_id=10774"},"modified":"2020-08-08T13:50:10","modified_gmt":"2020-08-08T11:50:10","slug":"termsandconditions","status":"publish","type":"page","link":"https:\/\/www.noomea.ch\/fr\/termsandconditions\/","title":{"rendered":"Terms &#038; Conditions"},"content":{"rendered":"<div  class=\"vc_row wpb_row vc_row-fluid ftc-row-wide\"   ><div class=\"wpb_column vc_column_container vc_col-sm-12\"><div class=\"wpb_wrapper\">\n\t<div class=\"wpb_text_column wpb_content_element\" >\n\t\t<div class=\"wpb_wrapper\">\n\t\t\t<h1 style=\"text-align: center;\">Terms &amp; Conditions<\/h1>\n\n\t\t<\/div>\n\t<\/div>\n<\/div><\/div><\/div>\t<div  class=\"vc_row wpb_row vc_row-fluid ftc-row-wide\"   ><div class=\"wpb_column vc_column_container vc_col-sm-12\"><div class=\"wpb_wrapper\">\n\t<div class=\"wpb_text_column wpb_content_element\" >\n\t\t<div class=\"wpb_wrapper\">\n\t\t\t<p><img loading=\"lazy\" class=\"aligncenter wp-image-3108\" src=\"https:\/\/www.noomea.ch\/wp-content\/uploads\/2018\/09\/look-icon.png\" alt=\"\" width=\"311\" height=\"47\" \/><\/p>\n\n\t\t<\/div>\n\t<\/div>\n<\/div><\/div><\/div>\t<div  class=\"vc_row wpb_row vc_row-fluid ftc-row-wide\"   ><div class=\"wpb_column vc_column_container vc_col-sm-12\"><div class=\"wpb_wrapper\">\n\t<div class=\"wpb_text_column wpb_content_element\" >\n\t\t<div class=\"wpb_wrapper\">\n\t\t\t<h2><strong>Conditions De Vente<\/strong><\/h2>\n<p>Les pre\u0301sentes conditions de vente sont conclues d\u2019une part par Noomea et d\u2019autre part par toute personne physique ou morale souhaitant proce\u0301der a\u0300 un achat via le site Internet www.noomea.ch<\/p>\n<p>Vous pouvez contacter notre service client aux coordonne\u0301es suivantes :<\/p>\n<p>Site Internet : www.noomea.ch\nContact par email : veuillez utiliser le formulaire de contact<\/p>\n<h2><strong>1. Domaine d\u2019application \/ De\u0301lais<\/strong><\/h2>\n<p><strong>1.1<\/strong> L\u2019exe\u0301cution de la transaction et la livraison s\u2019effectuent exclusivement selon les pre\u0301sentes CGV, sur lesquelles se fonde l\u2019inte\u0301gralite\u0301 des contrats conclus avec nous sur la base des offres propose\u0301es sur les pages Internet de la boutique noomea.ch. D\u2019e\u0301ventuelles conditions ge\u0301ne\u0301rales contraires ou de\u0301rogeant aux dispositions expose\u0301es ci-dessous ne sont pas applicables. Les CGV expose\u0301es ci-dessous sont exclusivement valables, me\u0302me lorsque nous accomplissons la livraison et la prestation sans re\u0301serve et en toute connaissance de l\u2019existence de conditions contraires ou de\u0301rogeant aux pre\u0301sentes CGV.<\/p>\n<p><strong>1.2<\/strong> Le terme \u00ab consommateurs \u00bb mentionne\u0301 dans les pre\u0301sentes CGV s\u2019applique aux personnes physiques passant commande dans un but ne pouvant pas e\u0302tre attribue\u0301 a\u0300 une activite\u0301 commerciale, inde\u0301pendante ou libe\u0301rale. De son co\u0302te\u0301, le terme \u00ab entrepreneurs \u00bb qualifie les personnes physiques ou morales ou les socie\u0301te\u0301s dote\u0301es de la capacite\u0301 juridique et passant commande dans le cadre de leur activite\u0301 commerciale, inde\u0301pendante ou libe\u0301rale. Les \u00ab clients \u00bb au sens des pre\u0301sentes CGV peuvent e\u0302tre aussi bien des consommateurs que des entrepreneurs.<\/p>\n<p><strong>1.3<\/strong> Lorsque les de\u0301lais sont indique\u0301s en jours ouvre\u0301s, ceux-ci correspondent a\u0300 tous les jours de la semaine a\u0300 l\u2019exception des samedis, dimanches et jours fe\u0301rie\u0301s le\u0301galement reconnus.<\/p>\n<h2><strong>2. Inscription<\/strong><\/h2>\n<p><strong>2.1<\/strong> Lors de la saisie de vos donne\u0301es personnelles ne\u0301cessaires a\u0300 l\u2019inscription, vous assumez la responsabilite\u0301 de fournir des renseignements complets et conformes a\u0300 la ve\u0301rite\u0301. Vous e\u0302tes dans l\u2019obligation de traiter les donne\u0301es d\u2019acce\u0300s personnel de manie\u0300re confidentielle et d\u2019en empe\u0302cher l\u2019acce\u0300s a\u0300 tout tiers non autorise\u0301. La confirmation d\u2019inscription suit imme\u0301diatement l\u2019envoi de l\u2019inscription en cliquant sur le bouton.<\/p>\n<p><strong>2.2<\/strong> Vous e\u0302tes seul responsable des contenus que vous inse\u0301rez dans les rubriques accessibles a\u0300 cette fin. Ces contenus ne doivent violer aucun droit de tiers. Aucune pre\u0301tention a\u0300 la sauvegarde ou a\u0300 la publication des contenus inse\u0301re\u0301s par vos soins (par ex. e\u0301valuation de produits) ne saurait exister.<\/p>\n<p><strong>2.3<\/strong> Vous devez vous abstenir de perturber les pages Web ou toute autre utilisation de donn\u00e9es au-del\u00e0 de la port\u00e9e de l\u2019utilisation pr\u00e9vue dans la plate-forme. Toute manipulation en vue d\u2019obtenir des paiements non autoris\u00e9s ou d\u2019autres avantages \u00e0 notre d\u00e9triment ou au d\u00e9triment d\u2019autres membres peut, en particulier, entra\u00eener des cons\u00e9quences juridiques et la suppression de l\u2019acc\u00e8s. L\u2019adh\u00e9sion donne \u00e0 l\u2019utilisateur le droit d\u2019utiliser l\u2019offre en ligne en fonction de sa disponibilit\u00e9 respective et d\u2019utiliser le contenu \u00e0 des fins priv\u00e9es et non commerciales.<\/p>\n<p><strong>2.4<\/strong> Chaque client a uniquement le droit d\u2019entretenir un seul compte client a\u0300 la fois. Nous nous re\u0301servons le droit de supprimer les inscriptions multiples et de donner un avertissement ou de conge\u0301dier les membres enfreignant les dispositions stipule\u0301es aux points 2.1 a\u0300 2.5 des pre\u0301sentes CGV, ou encore de supprimer ou de modifier les contenus.<\/p>\n<p><strong>2.5<\/strong> Nous ne sommes pas dans l\u2019obligation d\u2019accepter l\u2019inscription ou la commande d\u2019un client inscrit. Nous ne sommes pas dans l\u2019obligation de maintenir notre offre disponible en permanence. Les commandes de\u0301ja\u0300 confirme\u0301es par nos soins ne sont pas touche\u0301es par ceci.<\/p>\n<p><strong>2.6<\/strong> En nous donnant votre nume\u0301ro de te\u0301le\u0301phone portable lors de votre inscription, vous nous autorisez a\u0300 vous envoyer des SMS publicitaires gratuits. Vous pourrez, en tout temps, demander l\u2019annulation de cette clause en contactant notre service client.<\/p>\n<h2><strong>3   Possibilite\u0301 de sauvegarde et consultation du texte du contrat\u00a0<\/strong><\/h2>\n<p><strong>3.1<\/strong> Vous pouvez v\u00e9rifier des CGVs sur le site web de notre boutique, \u00e0 l'adresse www.noomea.ch sous l'onglet Terms &amp; Conditions<\/p>\n<p><strong>3.2<\/strong> Vos donne\u0301es de commande sont enregistre\u0301es chez nous mais ne sont pas consultables directement pour des raisons de se\u0301curite\u0301. Nous offrons a\u0300 chaque client un acce\u0300s direct prote\u0301ge\u0301 par un mot de passe (\u00ab Compte \u00bb). Sous ce compte, apre\u0300s inscription, vous pouvez consulter les donne\u0301es concernant vos commandes de\u0301ja\u0300 exe\u0301cute\u0301es, encore en cours d\u2019exe\u0301cution ou venant d\u2019e\u0302tre envoye\u0301es de me\u0302me que vous pouvez ge\u0301rer et enregistrer vos coordonne\u0301es postales, d\u2019e\u0301ventuelles donne\u0301es concernant le paiement et d\u2019e\u0301ventuelles newsletters.<\/p>\n<h2><strong>4   Partenaire contractuel\u00a0<\/strong><\/h2>\n<p><strong>4.1<\/strong> Pour toute commande sur notre site, votre partenaire contractuel est la socie\u0301te\u0301 Noomea.<\/p>\n<p><strong>4.2<\/strong> Les re\u0301glementations des pre\u0301sentes CGV s\u2019appliquent a\u0300 votre relation contractuelle avec Noomea.ch et en particulier a\u0300 la relation entre vous-me\u0302me et Noomea.<\/p>\n<h2><strong>5    Langue et conclusion du contrat\u00a0<\/strong><\/h2>\n<p><strong>5.1<\/strong> Dans notre boutique en ligne, les contrats peuvent e\u0302tre uniquement conclus en langue Anglaise ou Fran\u00e7aise.<\/p>\n<p><strong>5.2<\/strong> En cliquant sur le bouton \u201cConfirmer commande\u201d, vous envoyez une commande ferme concernant les marchandises contenues dans le panier. La confirmation de re\u0301ception de la commande suit imme\u0301diatement l\u2019envoi de la commande, et est envoye\u0301e par email.<\/p>\n<p><strong>5.3<\/strong> Un contrat final est conclu au moment de la confirmation de commande.<\/p>\n<h2><strong>6   Prix et frais d\u2019envoi<\/strong><\/h2>\n<p><strong>6.1<\/strong> Les prix indique\u0301s dans l\u2019offre au moment de la commande sont applicables aux commandes dans notre boutique en ligne. Les prix indique\u0301s sont des prix finaux ; ceci signifie qu\u2019ils comprennent la TVA le\u0301gale respectivement en vigueur et les autres e\u0301le\u0301ments constitutifs du prix.<\/p>\n<p><strong>6.2<\/strong> Nous livrons gratuitement en Suisse, mais des frais d\u2019envoi peuvent e\u0302tre ajoute\u0301s a\u0300 votre commande si vous souhaitez vous faire livrer a\u0300 l\u2019e\u0301tranger.<\/p>\n<h2><strong>7 Payement et Livraison<\/strong><\/h2>\n<p><strong>7.1<\/strong>\u00a0En cas d\u2019achat par carte de cre\u0301dit, votre compte de carte de cre\u0301dit est de\u0301bite\u0301 au moment de la conclusion de la commande.<\/p>\n<p><strong>7.2<\/strong>\u00a0Veuillez noter que nous ne payons pas pour les frais de transaction.<\/p>\n<p><strong>7.3<\/strong>\u00a0Vous acceptez de recevoir les factures et rappels sous format \u00e9lectronique exclusivement (par email).<\/p>\n<p><strong>7.4<\/strong>\u00a0Pour les livraisons, nous utilisons la Poste Suisse.<\/p>\n<p><strong>7.5<\/strong>\u00a0Les marchandises marque\u0301es \u00ab en stock \u00bb dans la boutique en ligne sont livre\u0301es imme\u0301diatement apre\u0300s la re\u0301ception de la commande et, le cas e\u0301che\u0301ant, apre\u0300s encaissement du paiement anticipe\u0301 ; le de\u0301lai de livraison dure tout au plus 5 jours ouvre\u0301s. Au cas ou\u0300 d\u2019autres de\u0301lais de livraison seraient applicables, ceci est indique\u0301 sur la page respective du produit.<\/p>\n<p><strong>7.6<\/strong>\u00a0Nous n\u2019assumons aucun risque lie\u0301 a\u0300 l\u2019approvisionnement, me\u0302me en cas de contrat de vente portant sur une marchandise uniquement de\u0301termine\u0301e dans son genre. Nous sommes uniquement tenus a\u0300 la livraison d\u2019articles dont nous disposons dans nos stocks de marchandises ou que nous avons rec\u0327us de nos fournisseurs suite a\u0300 notre commande.<\/p>\n<p><strong>7.7<\/strong>\u00a0Notre obligation de livraison est annule\u0301e lorsque nous ne sommes pas livre\u0301s correctement ou a\u0300 temps malgre\u0301 l\u2019existence d\u2019un marche\u0301 de couverture conforme et ade\u0301quat et lorsque nous ne sommes pas responsables de l\u2019indisponibilite\u0301 des marchandises, que nous vous en avons imme\u0301diatement informe\u0301 et que nous n\u2019avons pas pris en charge un quelconque risque lie\u0301 a\u0300 l\u2019approvisionnement. En cas d\u2019indisponibilite\u0301 de la marchandise, nous rembourserons sans de\u0301lai l\u2019e\u0301ventuel paiement anticipe\u0301 de\u0301ja\u0300 effectue\u0301.<\/p>\n<p><strong>7.8<\/strong> Le de\u0301lai de livraison est prolonge\u0301 de manie\u0300re approprie\u0301e en cas de force majeure empe\u0302chant la livraison. Sont assimile\u0301s a\u0300 un cas de force majeure : gre\u0300ve, lock-out, intervention des autorite\u0301s, pand\u00e9mie, pe\u0301nurie de matie\u0300res premie\u0300res ou d\u2019e\u0301nergie, difficulte\u0301 de transport dont nous ne sommes pas responsables, empe\u0302chement d\u2019exploitation dont nous ne sommes pas responsables, par ex. du\u0302 au feu, a\u0300 l\u2019eau ou a\u0300 des endommagements de machines et tous autres empe\u0302chements pouvant e\u0302tre objectivement conside\u0301re\u0301s comme ne relevant pas de notre responsabilite\u0301 ou faute. Nous vous informerons imme\u0301diatement du de\u0301but et de la fin de tels empe\u0302chements. Si l\u2019empe\u0302chement re\u0301sultant des cas susmentionne\u0301s persiste plus de 4 semaines au-dela\u0300 du de\u0301lai de livraison initialement valable, vous e\u0302tes alors en droit de re\u0301silier le contrat. Aucune pre\u0301tention supple\u0301mentaire, notamment a\u0300 des dommages-inte\u0301re\u0302ts, n\u2019existe.<\/p>\n<p><strong>7.9<\/strong>\u00a0En ce qui concerne les consommateurs, le risque de perte et de de\u0301gradation de la marchandise vendue est transfe\u0301re\u0301 au moment de la remise de la marchandise au consommateur ou a\u0300 un destinataire de\u0301signe\u0301 par celui-ci en cas de vente par correspondance. Ceci est valable inde\u0301pendamment du fait que l\u2019envoi soit couvert par une assurance ou non. Dans les autres cas, le risque de perte et de de\u0301gradation de la marchandise est transfe\u0301re\u0301 a\u0300 l\u2019acheteur au moment de la remise de la marchandise ou, lors de ventes par correspondance, au moment du de\u0301po\u0302t de la marchandise chez le commissionnaire de transport ou la personne ou entreprise charge\u0301e de l\u2019exe\u0301cution de l\u2019envoi.<\/p>\n<h2><strong>8   Droit de renvoi pour l\u2019achat d\u2019articles<\/strong><\/h2>\n<p><strong>8.1<\/strong> Pour tout achat sur noomea.ch, vous b\u00e9n\u00e9ficiez d\u2019un droit de retour facultatif valable 15 jours au total. Conform\u00e9ment \u00e0 cela, vous pouvez d\u00e9noncer le contrat en nous renvoyant les marchandises dans les 15 jours suivant la r\u00e9ception (le d\u00e9lai commence le lendemain de la r\u00e9ception des marchandises). L\u2019envoi en temps opportun suffit \u00e0 respecter la date limite. Toutefois, les conditions d\u2019exercice du droit de renvoi sont que vous n\u2019avez transport\u00e9 les marchandises qu\u2019aux fins de l\u2019essayer, comme cela serait possible dans un v\u00e9ritable magasin, et que vous retournez les marchandises compl\u00e8tes et intactes. En outre, s\u2019il vous pla\u00eet nous retourner les marchandises dans leur emballage d\u2019origine.<\/p>\n<p><strong>8.2<\/strong>\u00a0Si votre envoi retour est du\u0302 a\u0300 une erreur de notre part, nous vous rembourserons les frais postaux. Dans le cas contraire, les frais de retour sont a\u0300 votre charge.<\/p>\n<p><strong>8.3<\/strong>\u00a0Le remboursement est toujours effectue\u0301 sur le compte bancaire ou sur le compte PayPal dont vous avez fourni les coordonne\u0301es a\u0300 Noomea. Veuillez vous assurer que vous avez acce\u0300s a\u0300 ce compte, Noomea n\u2019endossant aucune responsabilite\u0301 en la matie\u0300re.<\/p>\n<h2><strong>9   Re\u0301serve de proprie\u0301te\u0301<\/strong><\/h2>\n<p>Jusqu\u2019a\u0300 son paiement inte\u0301gral, la marchandise demeure notre proprie\u0301te\u0301.<\/p>\n<h2><strong>10   Conditions d\u2019utilisation de bons de re\u0301duction<\/strong><\/h2>\n<p><strong>10.1<\/strong> Les bons de re\u0301duction (bons de re\u0301duction, que vous ne pouvez pas acque\u0301rir a\u0300 titre one\u0301reux, mais que nous distribuons dans le cadre de campagnes publicitaires et avec une date de validite\u0301 limite\u0301e) sont exclusivement utilisables pour l \u0301achat d \u0301articles Noomea, uniquement valables pendant la pe\u0301riode de validite\u0301 indique\u0301e et utilisables une seule fois par commande.<\/p>\n<p><strong>10.2<\/strong> La valeur de la marchandise doit e\u0302tre au moins e\u0301gale au montant du bon de re\u0301duction. Pour des raisons administratives, le remboursement d\u2019une e\u0301ventuelle valeur re\u0301siduelle n\u2019est pas possible.<\/p>\n<p><strong>10.3<\/strong> Les bons de re\u0301duction peuvent e\u0302tre utilise\u0301s pour une commande uniquement. Le remboursement d\u2019un bon de re\u0301duction a posteriori n\u2019est pas possible. La valeur du bon de re\u0301duction ne peut e\u0302tre verse\u0301e en espe\u0300ces et n\u2019est pas productrice d\u2019inte\u0301re\u0302ts.<\/p>\n<p><strong>10.4<\/strong> Le bon de re\u0301duction peut e\u0302tre transmis a\u0300 des tiers. Il n\u2019est pas possible de combiner plusieurs bons de re\u0301duction.<\/p>\n<p><strong>10.5<\/strong> Si la valeur d\u2019un coupon n\u2019est pas suffisante pour couvrir le montant de la commande, la diff\u00e9rence peut \u00eatre pay\u00e9e en utilisant l\u2019une des m\u00e9thodes de paiement propos\u00e9es. Le bon n\u2019est pas rembours\u00e9 si les marchandises sont partiellement ou partiellement retourn\u00e9es dans la mesure o\u00f9 le coupon a \u00e9t\u00e9 \u00e9mis dans le cadre d\u2019une action publicitaire et aucune contrepartie n\u2019a \u00e9t\u00e9 fournie en retour.<\/p>\n<p><strong>10.6<\/strong> En cas de retour de marchandise, le bon de re\u0301duction utilise\u0301 pour la commande en question devient caduque.<\/p>\n<h2><strong>11   Garantie et gestion des re\u0301clamations<\/strong><\/h2>\n<p><strong>11.1<\/strong> Les prescriptions le\u0301gales en matie\u0300re de garantie sont applicables.<\/p>\n<p><strong>11.2<\/strong> Nous accordons une grande importance a\u0300 la satisfaction de la cliente\u0300le. Vous pouvez nous contacter a\u0300 tout moment aux coordonne\u0301es indique\u0301es au de\u0301but des pre\u0301sentes CGV. Nous nous efforcerons d\u2019examiner votre demande le plus vite possible et vous contacterons pour cela apre\u0300s re\u0301ception des documents, de votre reque\u0302te ou re\u0301clamation. Veuillez cependant nous accorder un peu de temps e\u0301tant donne\u0301 que l\u2019appre\u0301ciation du fabricant est souvent requise dans les cas de recours en garantie. Lors de re\u0301clamations, vous nous aiderez en de\u0301crivant le proble\u0300me ou le de\u0301faut de la manie\u0300re la plus pre\u0301cise possible et en nous transmettant le cas e\u0301che\u0301ant les copies des documents de commande ou tout au moins le nume\u0301ro de la commande, le nume\u0301ro de client, etc. Si vous n\u2019avez pas obtenu de re\u0301action de notre part sous 5 jours, veuillez alors nous recontacter.<\/p>\n<p><strong>11.3<\/strong> Lors de questions concernant le service apre\u0300s-vente, veuillez vous adresser a\u0300 notre service client aux coordonne\u0301es suivantes : contact@noomea.ch<\/p>\n<h2><strong>12   Droit applicable, juridiction compe\u0301tente<\/strong><\/h2>\n<p><strong>12.1<\/strong> Le droit suisse est applicable a\u0300 l\u2019inte\u0301gralite\u0301 des actes juridiques et autres rapports juridiques entre le client et nous. Le droit commercial des Nations-Unies (CISG) et d\u2019e\u0301ventuels autres accords ou trait\u00e9s inter\u00e9tatiques ne sont pas applicables. Pour les contrats conclus dans un but ne pouvant pas e\u0302tre impute\u0301 a\u0300 une activite\u0301 professionnelle ou commerciale de l\u2019ayant-droit (contrats avec des consommateurs), ce choix du droit applicable est uniquement valable dans la mesure ou\u0300 la protection juridique accord\u00e9e n\u2019est pas e\u0301vince\u0301e par des prescriptions obligatoires de la le\u0301gislation de l\u2019E\u0301tat dans lequel le consommateur est re\u0301sident.<\/p>\n<p><strong>12.2<\/strong> Dans les e\u0301changes commerciaux avec des commerc\u0327ants et avec des personnes morales de droit public, notre sie\u0300ge social est la juridiction compe\u0301tente pour tous litiges relatifs aux pre\u0301sentes CGV et tous contrats conclus dans le domaine d\u2019application de celles-ci, y compris d\u2019e\u0301ventuelles actions en paiement d\u2019effets ou de che\u0300ques. Dans un tel cas, nous sommes e\u0301galement en droit d\u2019intenter une action dans la juridiction du sie\u0300ge du client. En ce qui concerne les consommateurs, la juridiction compe\u0301tente est celle du domicile du consommateur.<\/p>\n<h2><strong>13   Changement de CGVs<\/strong><\/h2>\n<p>Nous sommes en droit de modifier unilate\u0301ralement les pre\u0301sentes CGV dans la mesure ou\u0300 elles font partie inte\u0301grante de la relation contractuelle avec le client et dans la mesure ou\u0300 une telle modification sert a\u0300 la suppression de de\u0301se\u0301quilibres apparus ulte\u0301rieurement ou a\u0300 une adaptation a\u0300 d\u2019e\u0301ventuelles conditions le\u0301gales ou techniques ayant e\u0301te\u0301 modifie\u0301es. En cas de re\u0301ajustement, nous informerons la cliente\u0300le du contenu des re\u0300glements modifie\u0301s. La modification devient un e\u0301le\u0301ment constitutif du contrat si le client ne s\u2019oppose pas par e\u0301crit a\u0300 l\u2019inte\u0301gration de la modification dans la relation contractuelle a\u0300 l\u2019inte\u0301rieur d\u2019un de\u0301lai de six semaines a\u0300 compter de la re\u0301ception de l\u2019avis de modification.<\/p>\n<h2><strong>14\u00a0<\/strong> \u00a0<strong>Clause salvatrice<\/strong><\/h2>\n<p>Dans le cas o\u00f9 certaines dispositions isol\u00e9es du contrat, y compris ces r\u00e8gles, s\u2019av\u00e8rent partiellement ou totalement inapplicables ou le deviendraient, ou si le contrat comporte une lacune impr\u00e9vue, cela ne limiterait toutefois en aucune fa\u00e7on la validit\u00e9 de la\ndispositions ou parties des dispositions. Les r\u00e8glements juridiques respectifs remplacent ensuite les dispositions inapplicables ou manquantes.<\/p>\n<p>Noomea<\/p>\n<p>Actualisation : Juillet 2020<\/p>\n<p>Les CGV expose\u0301es ci-dessus constituent une proprie\u0301te\u0301 intellectuelle prote\u0301ge\u0301e par le droit d\u2019auteur. L\u2019utilisation \u2013 me\u0302me partielle \u2013 de l\u2019offre de marchandises et\/ou de services par des tiers a\u0300 des fins commerciales est interdite. Les infractions a\u0300 cette re\u0300gle font l\u2019objet de poursuites.<\/p>\n\n\t\t<\/div>\n\t<\/div>\n<\/div><\/div><\/div>","protected":false},"excerpt":{"rendered":"Terms &amp; Conditions Terms of Sale These terms of sale are concluded on the one hand by Noomea and on the other hand by any individual or legal person wishing to make a purchase via the website www.noomea.ch You can contact our customer service at the following contact details: Website: www.noomea.ch Contact by email: please &hellip; <p class=\"link-more\"><a href=\"https:\/\/www.noomea.ch\/fr\/termsandconditions\/\" class=\"more-link\">Continue reading<span class=\"screen-reader-text\"> \"Terms &#038; Conditions\"<\/span><\/a><\/p>","protected":false},"author":1,"featured_media":0,"parent":0,"menu_order":0,"comment_status":"closed","ping_status":"closed","template":"","meta":{"spay_email":""},"_links":{"self":[{"href":"https:\/\/www.noomea.ch\/fr\/wp-json\/wp\/v2\/pages\/10774"}],"collection":[{"href":"https:\/\/www.noomea.ch\/fr\/wp-json\/wp\/v2\/pages"}],"about":[{"href":"https:\/\/www.noomea.ch\/fr\/wp-json\/wp\/v2\/types\/page"}],"author":[{"embeddable":true,"href":"https:\/\/www.noomea.ch\/fr\/wp-json\/wp\/v2\/users\/1"}],"replies":[{"embeddable":true,"href":"https:\/\/www.noomea.ch\/fr\/wp-json\/wp\/v2\/comments?post=10774"}],"version-history":[{"count":7,"href":"https:\/\/www.noomea.ch\/fr\/wp-json\/wp\/v2\/pages\/10774\/revisions"}],"predecessor-version":[{"id":11052,"href":"https:\/\/www.noomea.ch\/fr\/wp-json\/wp\/v2\/pages\/10774\/revisions\/11052"}],"wp:attachment":[{"href":"https:\/\/www.noomea.ch\/fr\/wp-json\/wp\/v2\/media?parent=10774"}],"curies":[{"name":"wp","href":"https:\/\/api.w.org\/{rel}","templated":true}]}}