{"id":10781,"date":"2020-07-29T09:44:39","date_gmt":"2020-07-29T07:44:39","guid":{"rendered":"https:\/\/www.noomea.ch\/product\/import-placeholder-for-41\/"},"modified":"2023-02-06T11:58:26","modified_gmt":"2023-02-06T10:58:26","slug":"fox-ring","status":"publish","type":"product","link":"https:\/\/www.noomea.ch\/fr\/produit\/fox-ring\/","title":{"rendered":"Bague Rox"},"content":{"rendered":"<p>Pour toutes celles \u00e0 l'esprit aiguis\u00e9, qui passent leur temps a chercher les ennuis mais toujours avec style!<br \/>\nMaterial: Sterling Silver 925<\/p>\n<p>Size : Adjustable<\/p>","protected":false},"excerpt":{"rendered":"<p>Pour toutes celles \u00e0 l'esprit aiguis\u00e9, qui passent leur temps a chercher les ennuis mais toujours avec style! Mat\u00e9riel : Argent Sterling 925 Taille: Ajustable<\/p>","protected":false},"featured_media":10790,"comment_status":"open","ping_status":"closed","template":"","meta":{"spay_email":""},"product_cat":[119],"product_tag":[],"_links":{"self":[{"href":"https:\/\/www.noomea.ch\/fr\/wp-json\/wp\/v2\/product\/10781"}],"collection":[{"href":"https:\/\/www.noomea.ch\/fr\/wp-json\/wp\/v2\/product"}],"about":[{"href":"https:\/\/www.noomea.ch\/fr\/wp-json\/wp\/v2\/types\/product"}],"replies":[{"embeddable":true,"href":"https:\/\/www.noomea.ch\/fr\/wp-json\/wp\/v2\/comments?post=10781"}],"wp:featuredmedia":[{"embeddable":true,"href":"https:\/\/www.noomea.ch\/fr\/wp-json\/wp\/v2\/media\/10790"}],"wp:attachment":[{"href":"https:\/\/www.noomea.ch\/fr\/wp-json\/wp\/v2\/media?parent=10781"}],"wp:term":[{"taxonomy":"product_cat","embeddable":true,"href":"https:\/\/www.noomea.ch\/fr\/wp-json\/wp\/v2\/product_cat?post=10781"},{"taxonomy":"product_tag","embeddable":true,"href":"https:\/\/www.noomea.ch\/fr\/wp-json\/wp\/v2\/product_tag?post=10781"}],"curies":[{"name":"wp","href":"https:\/\/api.w.org\/{rel}","templated":true}]}}