{"id":10782,"date":"2020-07-29T09:44:39","date_gmt":"2020-07-29T07:44:39","guid":{"rendered":"https:\/\/www.noomea.ch\/product\/import-placeholder-for-42\/"},"modified":"2022-06-07T01:23:30","modified_gmt":"2022-06-06T23:23:30","slug":"ocean-drop-necklace","status":"publish","type":"product","link":"https:\/\/www.noomea.ch\/fr\/produit\/ocean-drop-necklace\/","title":{"rendered":"Collier Goutte d'Oc\u00e9an"},"content":{"rendered":"<p>Pour garder votre \u00e9l\u00e9ment plus proche de votre c\u0153ur, une goutte de vacances dans votre vie quotidienne.<br \/>\nMaterial: Sterling Silver 925<\/p>","protected":false},"excerpt":{"rendered":"<p>Pour garder votre \u00e9l\u00e9ment plus proche de votre c\u0153ur, une goutte de vacances dans votre vie quotidienne. Mat\u00e9riel: Argent Sterling 925 &amp; Verre<\/p>","protected":false},"featured_media":10792,"comment_status":"open","ping_status":"closed","template":"","meta":{"spay_email":""},"product_cat":[157],"product_tag":[],"_links":{"self":[{"href":"https:\/\/www.noomea.ch\/fr\/wp-json\/wp\/v2\/product\/10782"}],"collection":[{"href":"https:\/\/www.noomea.ch\/fr\/wp-json\/wp\/v2\/product"}],"about":[{"href":"https:\/\/www.noomea.ch\/fr\/wp-json\/wp\/v2\/types\/product"}],"replies":[{"embeddable":true,"href":"https:\/\/www.noomea.ch\/fr\/wp-json\/wp\/v2\/comments?post=10782"}],"wp:featuredmedia":[{"embeddable":true,"href":"https:\/\/www.noomea.ch\/fr\/wp-json\/wp\/v2\/media\/10792"}],"wp:attachment":[{"href":"https:\/\/www.noomea.ch\/fr\/wp-json\/wp\/v2\/media?parent=10782"}],"wp:term":[{"taxonomy":"product_cat","embeddable":true,"href":"https:\/\/www.noomea.ch\/fr\/wp-json\/wp\/v2\/product_cat?post=10782"},{"taxonomy":"product_tag","embeddable":true,"href":"https:\/\/www.noomea.ch\/fr\/wp-json\/wp\/v2\/product_tag?post=10782"}],"curies":[{"name":"wp","href":"https:\/\/api.w.org\/{rel}","templated":true}]}}