{"id":8765,"date":"2020-07-22T16:46:28","date_gmt":"2020-07-22T14:46:28","guid":{"rendered":"https:\/\/3h46haefuc.preview.infomaniak.website\/product\/import-placeholder-for-7\/"},"modified":"2023-02-05T21:47:16","modified_gmt":"2023-02-05T20:47:16","slug":"noumea-necklace","status":"publish","type":"product","link":"https:\/\/www.noomea.ch\/fr\/produit\/noumea-necklace\/","title":{"rendered":"Collier Noum\u00e9a"},"content":{"rendered":"<p>Pour avoir la mer au plus pr\u00eat de votre c\u0153ur, ou que vous soyez et m\u00eame si il fait moins de 5\u00b0C.<br \/>\nMaterial: Stainless Steel 304<\/p>","protected":false},"excerpt":{"rendered":"<p>Pour avoir la mer au plus pr\u00eat de votre c\u0153ur, ou que vous soyez et m\u00eame si il fait moins de 5\u00b0C. Mat\u00e9riel: Acier Inoxydable 304<\/p>","protected":false},"featured_media":8848,"comment_status":"open","ping_status":"closed","template":"","meta":{"spay_email":""},"product_cat":[157],"product_tag":[],"_links":{"self":[{"href":"https:\/\/www.noomea.ch\/fr\/wp-json\/wp\/v2\/product\/8765"}],"collection":[{"href":"https:\/\/www.noomea.ch\/fr\/wp-json\/wp\/v2\/product"}],"about":[{"href":"https:\/\/www.noomea.ch\/fr\/wp-json\/wp\/v2\/types\/product"}],"replies":[{"embeddable":true,"href":"https:\/\/www.noomea.ch\/fr\/wp-json\/wp\/v2\/comments?post=8765"}],"wp:featuredmedia":[{"embeddable":true,"href":"https:\/\/www.noomea.ch\/fr\/wp-json\/wp\/v2\/media\/8848"}],"wp:attachment":[{"href":"https:\/\/www.noomea.ch\/fr\/wp-json\/wp\/v2\/media?parent=8765"}],"wp:term":[{"taxonomy":"product_cat","embeddable":true,"href":"https:\/\/www.noomea.ch\/fr\/wp-json\/wp\/v2\/product_cat?post=8765"},{"taxonomy":"product_tag","embeddable":true,"href":"https:\/\/www.noomea.ch\/fr\/wp-json\/wp\/v2\/product_tag?post=8765"}],"curies":[{"name":"wp","href":"https:\/\/api.w.org\/{rel}","templated":true}]}}