{"id":8766,"date":"2020-07-22T16:46:28","date_gmt":"2020-07-22T14:46:28","guid":{"rendered":"https:\/\/3h46haefuc.preview.infomaniak.website\/product\/import-placeholder-for-8\/"},"modified":"2020-08-25T18:44:07","modified_gmt":"2020-08-25T16:44:07","slug":"honolulu-bracelet","status":"publish","type":"product","link":"https:\/\/www.noomea.ch\/fr\/produit\/honolulu-bracelet\/","title":{"rendered":"Bracelet Honolulu"},"content":{"rendered":"<p>Pour les amoureuses de l'oc\u00e9an: surfeuses, nageuses, plongeuses, et pour toutes celles qui pr\u00e9f\u00e8rent la farniente les pieds dans l'eau. Parce que l'\u00e9t\u00e9 ce n'est pas une saison c'est un \u00e9tat d'esprit.<br \/>\nMaterial: Stainless Steel 304<\/p>","protected":false},"excerpt":{"rendered":"<p>Pour les amoureuses de l'oc\u00e9an: surfeuses, nageuses, plongeuses, et pour toutes celles qui pr\u00e9f\u00e8rent la farniente les pieds dans l'eau. Parce que l'\u00e9t\u00e9 ce n'est pas une saison c'est un \u00e9tat d'esprit. Mat\u00e9riel: Acier Inoxydable 304<\/p>","protected":false},"featured_media":10688,"comment_status":"open","ping_status":"closed","template":"","meta":{"spay_email":""},"product_cat":[61],"product_tag":[],"_links":{"self":[{"href":"https:\/\/www.noomea.ch\/fr\/wp-json\/wp\/v2\/product\/8766"}],"collection":[{"href":"https:\/\/www.noomea.ch\/fr\/wp-json\/wp\/v2\/product"}],"about":[{"href":"https:\/\/www.noomea.ch\/fr\/wp-json\/wp\/v2\/types\/product"}],"replies":[{"embeddable":true,"href":"https:\/\/www.noomea.ch\/fr\/wp-json\/wp\/v2\/comments?post=8766"}],"wp:featuredmedia":[{"embeddable":true,"href":"https:\/\/www.noomea.ch\/fr\/wp-json\/wp\/v2\/media\/10688"}],"wp:attachment":[{"href":"https:\/\/www.noomea.ch\/fr\/wp-json\/wp\/v2\/media?parent=8766"}],"wp:term":[{"taxonomy":"product_cat","embeddable":true,"href":"https:\/\/www.noomea.ch\/fr\/wp-json\/wp\/v2\/product_cat?post=8766"},{"taxonomy":"product_tag","embeddable":true,"href":"https:\/\/www.noomea.ch\/fr\/wp-json\/wp\/v2\/product_tag?post=8766"}],"curies":[{"name":"wp","href":"https:\/\/api.w.org\/{rel}","templated":true}]}}