{"id":8769,"date":"2020-07-22T16:46:29","date_gmt":"2020-07-22T14:46:29","guid":{"rendered":"https:\/\/3h46haefuc.preview.infomaniak.website\/product\/import-placeholder-for-11\/"},"modified":"2022-06-07T01:31:30","modified_gmt":"2022-06-06T23:31:30","slug":"lisboa-earrings","status":"publish","type":"product","link":"https:\/\/www.noomea.ch\/fr\/produit\/lisboa-earrings\/","title":{"rendered":"Boucles d'oreilles Lisbonne"},"content":{"rendered":"<p>Ces belles boucles d'oreilles mettront un peu de couleur dans votre vie. Parfaites pour donner un peu de peps \u00e0 vos tenues les plus sobres ou pour accompagner votre look d'\u00e9t\u00e9 pr\u00e9f\u00e9r\u00e9!<br \/>\nMaterial: Zinc Alloy<\/p>","protected":false},"excerpt":{"rendered":"<p>Ces belles boucles d'oreilles mettront un peu de couleur dans votre vie. Parfaites pour donner un peu de peps \u00e0 vos tenues les plus sobres ou pour accompagner votre look d'\u00e9t\u00e9 pr\u00e9f\u00e9r\u00e9! Mat\u00e9riel: Alliage de Zinc &amp; Franges<\/p>","protected":false},"featured_media":8834,"comment_status":"open","ping_status":"closed","template":"","meta":{"spay_email":""},"product_cat":[77],"product_tag":[],"_links":{"self":[{"href":"https:\/\/www.noomea.ch\/fr\/wp-json\/wp\/v2\/product\/8769"}],"collection":[{"href":"https:\/\/www.noomea.ch\/fr\/wp-json\/wp\/v2\/product"}],"about":[{"href":"https:\/\/www.noomea.ch\/fr\/wp-json\/wp\/v2\/types\/product"}],"replies":[{"embeddable":true,"href":"https:\/\/www.noomea.ch\/fr\/wp-json\/wp\/v2\/comments?post=8769"}],"wp:featuredmedia":[{"embeddable":true,"href":"https:\/\/www.noomea.ch\/fr\/wp-json\/wp\/v2\/media\/8834"}],"wp:attachment":[{"href":"https:\/\/www.noomea.ch\/fr\/wp-json\/wp\/v2\/media?parent=8769"}],"wp:term":[{"taxonomy":"product_cat","embeddable":true,"href":"https:\/\/www.noomea.ch\/fr\/wp-json\/wp\/v2\/product_cat?post=8769"},{"taxonomy":"product_tag","embeddable":true,"href":"https:\/\/www.noomea.ch\/fr\/wp-json\/wp\/v2\/product_tag?post=8769"}],"curies":[{"name":"wp","href":"https:\/\/api.w.org\/{rel}","templated":true}]}}