{"id":8770,"date":"2020-07-22T16:46:29","date_gmt":"2020-07-22T14:46:29","guid":{"rendered":"https:\/\/3h46haefuc.preview.infomaniak.website\/product\/import-placeholder-for-12\/"},"modified":"2022-06-07T01:32:27","modified_gmt":"2022-06-06T23:32:27","slug":"bali-earrings","status":"publish","type":"product","link":"https:\/\/www.noomea.ch\/fr\/produit\/bali-earrings\/","title":{"rendered":"Boucles d'oreilles Bali"},"content":{"rendered":"<p>Ces jolies boucles d'oreilles stylis\u00e9es, inspir\u00e9es par la fleur de lotus. Pour toutes celles qui recherchent la s\u00e9r\u00e9nit\u00e9.<br \/>\nMaterial: Stainless Steel 316L<\/p>","protected":false},"excerpt":{"rendered":"<p>Ces jolies boucles d'oreilles stylis\u00e9es, inspir\u00e9es par la fleur de lotus. Pour toutes celles qui recherchent la s\u00e9r\u00e9nit\u00e9. Mat\u00e9riel: Acier Inoxydable 316L<\/p>","protected":false},"featured_media":8836,"comment_status":"open","ping_status":"closed","template":"","meta":{"spay_email":""},"product_cat":[77],"product_tag":[],"_links":{"self":[{"href":"https:\/\/www.noomea.ch\/fr\/wp-json\/wp\/v2\/product\/8770"}],"collection":[{"href":"https:\/\/www.noomea.ch\/fr\/wp-json\/wp\/v2\/product"}],"about":[{"href":"https:\/\/www.noomea.ch\/fr\/wp-json\/wp\/v2\/types\/product"}],"replies":[{"embeddable":true,"href":"https:\/\/www.noomea.ch\/fr\/wp-json\/wp\/v2\/comments?post=8770"}],"wp:featuredmedia":[{"embeddable":true,"href":"https:\/\/www.noomea.ch\/fr\/wp-json\/wp\/v2\/media\/8836"}],"wp:attachment":[{"href":"https:\/\/www.noomea.ch\/fr\/wp-json\/wp\/v2\/media?parent=8770"}],"wp:term":[{"taxonomy":"product_cat","embeddable":true,"href":"https:\/\/www.noomea.ch\/fr\/wp-json\/wp\/v2\/product_cat?post=8770"},{"taxonomy":"product_tag","embeddable":true,"href":"https:\/\/www.noomea.ch\/fr\/wp-json\/wp\/v2\/product_tag?post=8770"}],"curies":[{"name":"wp","href":"https:\/\/api.w.org\/{rel}","templated":true}]}}