{"id":8773,"date":"2020-07-22T16:46:29","date_gmt":"2020-07-22T14:46:29","guid":{"rendered":"https:\/\/3h46haefuc.preview.infomaniak.website\/product\/import-placeholder-for-15\/"},"modified":"2022-06-07T01:33:12","modified_gmt":"2022-06-06T23:33:12","slug":"willy-tail-necklace","status":"publish","type":"product","link":"https:\/\/www.noomea.ch\/fr\/produit\/willy-tail-necklace\/","title":{"rendered":"Collier Willy"},"content":{"rendered":"<p>Who has not hoped to see this magnificent animal in the distance during a boat trip off the coast. Dor\u00e9navent the spirit of this fantastic animal accompanies you everywhere thanks to this beautiful silver necklace.<br \/>\nMaterial: Sterling Silver 925<\/p>","protected":false},"excerpt":{"rendered":"<p>Qui n'a pas esp\u00e9r\u00e9 apercevoir au loin ce magnifique animal lors d'une vir\u00e9e en bateau au large des c\u00f4tes. Dor\u00e9navant l'esprit de cet animal fantastique vous accompagne partout gr\u00e2ce \u00e0 ce beau collier en argent. Mat\u00e9riel: Argent Sterling 925<\/p>","protected":false},"featured_media":8846,"comment_status":"open","ping_status":"closed","template":"","meta":{"spay_email":""},"product_cat":[157],"product_tag":[],"_links":{"self":[{"href":"https:\/\/www.noomea.ch\/fr\/wp-json\/wp\/v2\/product\/8773"}],"collection":[{"href":"https:\/\/www.noomea.ch\/fr\/wp-json\/wp\/v2\/product"}],"about":[{"href":"https:\/\/www.noomea.ch\/fr\/wp-json\/wp\/v2\/types\/product"}],"replies":[{"embeddable":true,"href":"https:\/\/www.noomea.ch\/fr\/wp-json\/wp\/v2\/comments?post=8773"}],"wp:featuredmedia":[{"embeddable":true,"href":"https:\/\/www.noomea.ch\/fr\/wp-json\/wp\/v2\/media\/8846"}],"wp:attachment":[{"href":"https:\/\/www.noomea.ch\/fr\/wp-json\/wp\/v2\/media?parent=8773"}],"wp:term":[{"taxonomy":"product_cat","embeddable":true,"href":"https:\/\/www.noomea.ch\/fr\/wp-json\/wp\/v2\/product_cat?post=8773"},{"taxonomy":"product_tag","embeddable":true,"href":"https:\/\/www.noomea.ch\/fr\/wp-json\/wp\/v2\/product_tag?post=8773"}],"curies":[{"name":"wp","href":"https:\/\/api.w.org\/{rel}","templated":true}]}}