{"id":8774,"date":"2020-07-22T16:46:29","date_gmt":"2020-07-22T14:46:29","guid":{"rendered":"https:\/\/3h46haefuc.preview.infomaniak.website\/product\/import-placeholder-for-16\/"},"modified":"2022-06-07T01:33:35","modified_gmt":"2022-06-06T23:33:35","slug":"mont-blanc-bracelet","status":"publish","type":"product","link":"https:\/\/www.noomea.ch\/fr\/produit\/mont-blanc-bracelet\/","title":{"rendered":"Bracelet Mont Blanc"},"content":{"rendered":"<p>Un design fin \u00e0 porter \u00e0 toutes les occasions, sans mod\u00e9ration.<br \/>\nMaterial: Stainless Steel 304<\/p>","protected":false},"excerpt":{"rendered":"<p>Un design fin \u00e0 porter \u00e0 toutes les occasions, sans mod\u00e9ration. Mat\u00e9riel: Acier Inoxydable 304<\/p>","protected":false},"featured_media":10680,"comment_status":"open","ping_status":"closed","template":"","meta":{"spay_email":""},"product_cat":[61],"product_tag":[],"_links":{"self":[{"href":"https:\/\/www.noomea.ch\/fr\/wp-json\/wp\/v2\/product\/8774"}],"collection":[{"href":"https:\/\/www.noomea.ch\/fr\/wp-json\/wp\/v2\/product"}],"about":[{"href":"https:\/\/www.noomea.ch\/fr\/wp-json\/wp\/v2\/types\/product"}],"replies":[{"embeddable":true,"href":"https:\/\/www.noomea.ch\/fr\/wp-json\/wp\/v2\/comments?post=8774"}],"wp:featuredmedia":[{"embeddable":true,"href":"https:\/\/www.noomea.ch\/fr\/wp-json\/wp\/v2\/media\/10680"}],"wp:attachment":[{"href":"https:\/\/www.noomea.ch\/fr\/wp-json\/wp\/v2\/media?parent=8774"}],"wp:term":[{"taxonomy":"product_cat","embeddable":true,"href":"https:\/\/www.noomea.ch\/fr\/wp-json\/wp\/v2\/product_cat?post=8774"},{"taxonomy":"product_tag","embeddable":true,"href":"https:\/\/www.noomea.ch\/fr\/wp-json\/wp\/v2\/product_tag?post=8774"}],"curies":[{"name":"wp","href":"https:\/\/api.w.org\/{rel}","templated":true}]}}