{"id":8775,"date":"2020-07-22T16:46:29","date_gmt":"2020-07-22T14:46:29","guid":{"rendered":"https:\/\/3h46haefuc.preview.infomaniak.website\/product\/import-placeholder-for-17\/"},"modified":"2022-06-07T01:33:49","modified_gmt":"2022-06-06T23:33:49","slug":"alpes-bracelet","status":"publish","type":"product","link":"https:\/\/www.noomea.ch\/fr\/produit\/alpes-bracelet\/","title":{"rendered":"Bracelet Alpes"},"content":{"rendered":"<p>Ce bracelet inspir\u00e9 par nos pr\u00e9cieuses montagnes. Pour toutes les amoureuses de nos belles r\u00e9gions et de leurs sommets les plus embl\u00e9matiques.<br \/>\nMaterial: Stainless Steel 304<\/p>","protected":false},"excerpt":{"rendered":"<p>Ce bracelet inspir\u00e9 par nos pr\u00e9cieuses montagnes. Pour toutes les amoureuses de nos belles r\u00e9gions et de leurs sommets les plus embl\u00e9matiques. Mat\u00e9riel: Acier Inoxydable 304<\/p>","protected":false},"featured_media":10683,"comment_status":"open","ping_status":"closed","template":"","meta":{"spay_email":""},"product_cat":[61],"product_tag":[],"_links":{"self":[{"href":"https:\/\/www.noomea.ch\/fr\/wp-json\/wp\/v2\/product\/8775"}],"collection":[{"href":"https:\/\/www.noomea.ch\/fr\/wp-json\/wp\/v2\/product"}],"about":[{"href":"https:\/\/www.noomea.ch\/fr\/wp-json\/wp\/v2\/types\/product"}],"replies":[{"embeddable":true,"href":"https:\/\/www.noomea.ch\/fr\/wp-json\/wp\/v2\/comments?post=8775"}],"wp:featuredmedia":[{"embeddable":true,"href":"https:\/\/www.noomea.ch\/fr\/wp-json\/wp\/v2\/media\/10683"}],"wp:attachment":[{"href":"https:\/\/www.noomea.ch\/fr\/wp-json\/wp\/v2\/media?parent=8775"}],"wp:term":[{"taxonomy":"product_cat","embeddable":true,"href":"https:\/\/www.noomea.ch\/fr\/wp-json\/wp\/v2\/product_cat?post=8775"},{"taxonomy":"product_tag","embeddable":true,"href":"https:\/\/www.noomea.ch\/fr\/wp-json\/wp\/v2\/product_tag?post=8775"}],"curies":[{"name":"wp","href":"https:\/\/api.w.org\/{rel}","templated":true}]}}