{"id":8776,"date":"2020-07-22T16:46:29","date_gmt":"2020-07-22T14:46:29","guid":{"rendered":"https:\/\/3h46haefuc.preview.infomaniak.website\/product\/import-placeholder-for-18\/"},"modified":"2022-06-07T01:34:03","modified_gmt":"2022-06-06T23:34:03","slug":"brisbane-necklace","status":"publish","type":"product","link":"https:\/\/www.noomea.ch\/fr\/produit\/brisbane-necklace\/","title":{"rendered":"Collier Brisbane"},"content":{"rendered":"<p>Vous aimez l'\u00e9t\u00e9 et ses couleurs chaudes. Vous \u00eates une sir\u00e8ne des oc\u00e9ans. Ce collier coquillage vous appelle!<br \/>\nMaterial: Beads &amp; Shell<\/p>","protected":false},"excerpt":{"rendered":"<p>You like summer and its warm colors. You are a mermaid of the oceans. This seashell necklace is made for you! Material: Beads &amp; Shell<\/p>","protected":false},"featured_media":8842,"comment_status":"open","ping_status":"closed","template":"","meta":{"spay_email":""},"product_cat":[157],"product_tag":[],"_links":{"self":[{"href":"https:\/\/www.noomea.ch\/fr\/wp-json\/wp\/v2\/product\/8776"}],"collection":[{"href":"https:\/\/www.noomea.ch\/fr\/wp-json\/wp\/v2\/product"}],"about":[{"href":"https:\/\/www.noomea.ch\/fr\/wp-json\/wp\/v2\/types\/product"}],"replies":[{"embeddable":true,"href":"https:\/\/www.noomea.ch\/fr\/wp-json\/wp\/v2\/comments?post=8776"}],"wp:featuredmedia":[{"embeddable":true,"href":"https:\/\/www.noomea.ch\/fr\/wp-json\/wp\/v2\/media\/8842"}],"wp:attachment":[{"href":"https:\/\/www.noomea.ch\/fr\/wp-json\/wp\/v2\/media?parent=8776"}],"wp:term":[{"taxonomy":"product_cat","embeddable":true,"href":"https:\/\/www.noomea.ch\/fr\/wp-json\/wp\/v2\/product_cat?post=8776"},{"taxonomy":"product_tag","embeddable":true,"href":"https:\/\/www.noomea.ch\/fr\/wp-json\/wp\/v2\/product_tag?post=8776"}],"curies":[{"name":"wp","href":"https:\/\/api.w.org\/{rel}","templated":true}]}}