{"id":8792,"date":"2020-07-22T16:46:37","date_gmt":"2020-07-22T14:46:37","guid":{"rendered":"https:\/\/3h46haefuc.preview.infomaniak.website\/product\/import-placeholder-for-34\/"},"modified":"2022-06-07T01:27:25","modified_gmt":"2022-06-06T23:27:25","slug":"lucy-ring","status":"publish","type":"product","link":"https:\/\/www.noomea.ch\/fr\/produit\/lucy-ring\/","title":{"rendered":"Bague Lucy"},"content":{"rendered":"<p>For budding scientists, those fascinated by biology and all those who want to remember their uniqueness.<br \/>\nMaterial: Sterling Silver 925<\/p>\n<p>Size : Adjustable<\/p>","protected":false},"excerpt":{"rendered":"<p>Pour les scientifiques en herbe, les fascin\u00e9es de biologie et toutes celles qui veulent se rappeler de leur unicit\u00e9. Mat\u00e9riel: Argent Sterling 925 Taille: Ajustable<\/p>","protected":false},"featured_media":8815,"comment_status":"open","ping_status":"closed","template":"","meta":{"spay_email":""},"product_cat":[119],"product_tag":[],"_links":{"self":[{"href":"https:\/\/www.noomea.ch\/fr\/wp-json\/wp\/v2\/product\/8792"}],"collection":[{"href":"https:\/\/www.noomea.ch\/fr\/wp-json\/wp\/v2\/product"}],"about":[{"href":"https:\/\/www.noomea.ch\/fr\/wp-json\/wp\/v2\/types\/product"}],"replies":[{"embeddable":true,"href":"https:\/\/www.noomea.ch\/fr\/wp-json\/wp\/v2\/comments?post=8792"}],"wp:featuredmedia":[{"embeddable":true,"href":"https:\/\/www.noomea.ch\/fr\/wp-json\/wp\/v2\/media\/8815"}],"wp:attachment":[{"href":"https:\/\/www.noomea.ch\/fr\/wp-json\/wp\/v2\/media?parent=8792"}],"wp:term":[{"taxonomy":"product_cat","embeddable":true,"href":"https:\/\/www.noomea.ch\/fr\/wp-json\/wp\/v2\/product_cat?post=8792"},{"taxonomy":"product_tag","embeddable":true,"href":"https:\/\/www.noomea.ch\/fr\/wp-json\/wp\/v2\/product_tag?post=8792"}],"curies":[{"name":"wp","href":"https:\/\/api.w.org\/{rel}","templated":true}]}}