{"id":8794,"date":"2020-07-22T16:46:37","date_gmt":"2020-07-22T14:46:37","guid":{"rendered":"https:\/\/3h46haefuc.preview.infomaniak.website\/product\/import-placeholder-for-36\/"},"modified":"2025-04-09T11:23:15","modified_gmt":"2025-04-09T09:23:15","slug":"santorini-bracelet","status":"publish","type":"product","link":"https:\/\/www.noomea.ch\/fr\/produit\/santorini-bracelet\/","title":{"rendered":"Bracelet Santorin"},"content":{"rendered":"<p>A refined bracelet for all those who love simplicity.<br \/>\nMaterial: Sterling Silver 925<\/p>","protected":false},"excerpt":{"rendered":"<p>Un bracelet raffin\u00e9 pour toutes celles qui aiment la simplicit\u00e9. Mat\u00e9riel: Argent Sterling 925<\/p>","protected":false},"featured_media":8807,"comment_status":"open","ping_status":"closed","template":"","meta":{"spay_email":""},"product_cat":[61],"product_tag":[],"_links":{"self":[{"href":"https:\/\/www.noomea.ch\/fr\/wp-json\/wp\/v2\/product\/8794"}],"collection":[{"href":"https:\/\/www.noomea.ch\/fr\/wp-json\/wp\/v2\/product"}],"about":[{"href":"https:\/\/www.noomea.ch\/fr\/wp-json\/wp\/v2\/types\/product"}],"replies":[{"embeddable":true,"href":"https:\/\/www.noomea.ch\/fr\/wp-json\/wp\/v2\/comments?post=8794"}],"wp:featuredmedia":[{"embeddable":true,"href":"https:\/\/www.noomea.ch\/fr\/wp-json\/wp\/v2\/media\/8807"}],"wp:attachment":[{"href":"https:\/\/www.noomea.ch\/fr\/wp-json\/wp\/v2\/media?parent=8794"}],"wp:term":[{"taxonomy":"product_cat","embeddable":true,"href":"https:\/\/www.noomea.ch\/fr\/wp-json\/wp\/v2\/product_cat?post=8794"},{"taxonomy":"product_tag","embeddable":true,"href":"https:\/\/www.noomea.ch\/fr\/wp-json\/wp\/v2\/product_tag?post=8794"}],"curies":[{"name":"wp","href":"https:\/\/api.w.org\/{rel}","templated":true}]}}