{"id":8795,"date":"2020-07-22T16:46:37","date_gmt":"2020-07-22T14:46:37","guid":{"rendered":"https:\/\/3h46haefuc.preview.infomaniak.website\/product\/import-placeholder-for-37\/"},"modified":"2022-06-07T01:27:41","modified_gmt":"2022-06-06T23:27:41","slug":"borneo-bracelet","status":"publish","type":"product","link":"https:\/\/www.noomea.ch\/fr\/produit\/borneo-bracelet\/","title":{"rendered":"Bracelet Born\u00e9o"},"content":{"rendered":"<p>Aventuri\u00e8re mod\u00e8rne, globe-trotteuse en 40\u00e8ne avec le COVID, une envie d'\u00e9vasion? Ce bracelet voyage n'attend que toi. Allez, on embarque!<br \/>\nMaterial: Sterling Silver 925<\/p>","protected":false},"excerpt":{"rendered":"<p>Aventuri\u00e8re mod\u00e8rne, globe-trotteuse en 40aine avec le COVID, une envie d'\u00e9vasion? Ce bracelet voyage n'attend que toi. Allez, on embarque! Mat\u00e9riel: Argent Sterling 925<\/p>","protected":false},"featured_media":8808,"comment_status":"open","ping_status":"closed","template":"","meta":{"spay_email":""},"product_cat":[61],"product_tag":[],"_links":{"self":[{"href":"https:\/\/www.noomea.ch\/fr\/wp-json\/wp\/v2\/product\/8795"}],"collection":[{"href":"https:\/\/www.noomea.ch\/fr\/wp-json\/wp\/v2\/product"}],"about":[{"href":"https:\/\/www.noomea.ch\/fr\/wp-json\/wp\/v2\/types\/product"}],"replies":[{"embeddable":true,"href":"https:\/\/www.noomea.ch\/fr\/wp-json\/wp\/v2\/comments?post=8795"}],"wp:featuredmedia":[{"embeddable":true,"href":"https:\/\/www.noomea.ch\/fr\/wp-json\/wp\/v2\/media\/8808"}],"wp:attachment":[{"href":"https:\/\/www.noomea.ch\/fr\/wp-json\/wp\/v2\/media?parent=8795"}],"wp:term":[{"taxonomy":"product_cat","embeddable":true,"href":"https:\/\/www.noomea.ch\/fr\/wp-json\/wp\/v2\/product_cat?post=8795"},{"taxonomy":"product_tag","embeddable":true,"href":"https:\/\/www.noomea.ch\/fr\/wp-json\/wp\/v2\/product_tag?post=8795"}],"curies":[{"name":"wp","href":"https:\/\/api.w.org\/{rel}","templated":true}]}}