{"id":8797,"date":"2020-07-22T16:46:38","date_gmt":"2020-07-22T14:46:38","guid":{"rendered":"https:\/\/3h46haefuc.preview.infomaniak.website\/product\/import-placeholder-for-39\/"},"modified":"2022-06-07T01:26:12","modified_gmt":"2022-06-06T23:26:12","slug":"glacier-bracelet","status":"publish","type":"product","link":"https:\/\/www.noomea.ch\/fr\/produit\/glacier-bracelet\/","title":{"rendered":"Bracelet Glacier"},"content":{"rendered":"<p>Let it snow, let it snow, let it snow! A bracelet for all winter lovers, riders and seal pot hiking fans, or simply for all the girls who like to cocoon by the fireplace, hot chocolate in hand, watching the fall. snow.<br \/>\nMaterial: Sterling Silver 925<\/p>","protected":false},"excerpt":{"rendered":"<p>Let it snow, let it snow, let it snow! Un bracelet pour toutes les amoureuses de l'hiver, les rideuses et les fans de randonn\u00e9e en pot de phoque, ou tout simplement pour toutes les filles qui aiment cocooner au pr\u00eat de la chemin\u00e9e, un chocolat chaud \u00e0 la main, en regardant tomber la neige. Mat\u00e9riel: Argent Sterling 925<\/p>","protected":false},"featured_media":8803,"comment_status":"open","ping_status":"closed","template":"","meta":{"spay_email":""},"product_cat":[61],"product_tag":[],"_links":{"self":[{"href":"https:\/\/www.noomea.ch\/fr\/wp-json\/wp\/v2\/product\/8797"}],"collection":[{"href":"https:\/\/www.noomea.ch\/fr\/wp-json\/wp\/v2\/product"}],"about":[{"href":"https:\/\/www.noomea.ch\/fr\/wp-json\/wp\/v2\/types\/product"}],"replies":[{"embeddable":true,"href":"https:\/\/www.noomea.ch\/fr\/wp-json\/wp\/v2\/comments?post=8797"}],"wp:featuredmedia":[{"embeddable":true,"href":"https:\/\/www.noomea.ch\/fr\/wp-json\/wp\/v2\/media\/8803"}],"wp:attachment":[{"href":"https:\/\/www.noomea.ch\/fr\/wp-json\/wp\/v2\/media?parent=8797"}],"wp:term":[{"taxonomy":"product_cat","embeddable":true,"href":"https:\/\/www.noomea.ch\/fr\/wp-json\/wp\/v2\/product_cat?post=8797"},{"taxonomy":"product_tag","embeddable":true,"href":"https:\/\/www.noomea.ch\/fr\/wp-json\/wp\/v2\/product_tag?post=8797"}],"curies":[{"name":"wp","href":"https:\/\/api.w.org\/{rel}","templated":true}]}}